{"id":8,"date":"2024-06-28T10:18:11","date_gmt":"2024-06-28T08:18:11","guid":{"rendered":"https:\/\/wordpress-krio-hu.empressia.dev\/?page_id=8"},"modified":"2025-05-07T18:54:50","modified_gmt":"2025-05-07T16:54:50","slug":"ossejtekrol","status":"publish","type":"page","link":"https:\/\/krio.hu\/ossejtekrol","title":{"rendered":"\u0150ssejtekr\u0151l"},"content":{"rendered":"\n<p class=\" eplus-wrapper\"><\/p>\n\n\n\n<p class=\" eplus-wrapper\"><\/p>\n","protected":false},"excerpt":{"rendered":"","protected":false},"author":1,"featured_media":0,"parent":0,"menu_order":0,"comment_status":"closed","ping_status":"closed","template":"","meta":{"_acf_changed":false,"inline_featured_image":false,"editor_plus_copied_stylings":"{}","footnotes":""},"class_list":["post-8","page","type-page","status-publish","hentry"],"yoast_head":"<!-- This site is optimized with the Yoast SEO plugin v27.5 - https:\/\/yoast.com\/product\/yoast-seo-wordpress\/ -->\n<title>\u0150ssejtekr\u0151l - K\u00f6ss\u00f6n a Krio Int\u00e9zetn\u00e9l \u0151ssejtt\u00e1rol\u00e1si csomagot kedvezm\u00e9nyes \u00e1ron<\/title>\n<meta name=\"robots\" content=\"index, follow, max-snippet:-1, max-image-preview:large, max-video-preview:-1\" \/>\n<link rel=\"canonical\" href=\"https:\/\/krio.hu\/ossejtekrol\" \/>\n<meta property=\"og:locale\" content=\"hu_HU\" \/>\n<meta property=\"og:type\" content=\"article\" \/>\n<meta property=\"og:title\" content=\"\u0150ssejtekr\u0151l - K\u00f6ss\u00f6n a Krio Int\u00e9zetn\u00e9l \u0151ssejtt\u00e1rol\u00e1si csomagot kedvezm\u00e9nyes \u00e1ron\" \/>\n<meta property=\"og:url\" content=\"https:\/\/krio.hu\/ossejtekrol\" \/>\n<meta property=\"og:site_name\" content=\"K\u00f6ss\u00f6n a Krio Int\u00e9zetn\u00e9l \u0151ssejtt\u00e1rol\u00e1si csomagot kedvezm\u00e9nyes \u00e1ron\" \/>\n<meta property=\"article:modified_time\" content=\"2025-05-07T16:54:50+00:00\" \/>\n<meta name=\"twitter:card\" content=\"summary_large_image\" \/>\n<script type=\"application\/ld+json\" class=\"yoast-schema-graph\">{\"@context\":\"https:\\\/\\\/schema.org\",\"@graph\":[{\"@type\":\"WebPage\",\"@id\":\"https:\\\/\\\/krio.hu\\\/ossejtekrol\",\"url\":\"https:\\\/\\\/krio.hu\\\/ossejtekrol\",\"name\":\"\u0150ssejtekr\u0151l - K\u00f6ss\u00f6n a Krio Int\u00e9zetn\u00e9l \u0151ssejtt\u00e1rol\u00e1si csomagot kedvezm\u00e9nyes \u00e1ron\",\"isPartOf\":{\"@id\":\"https:\\\/\\\/krio.hu\\\/#website\"},\"datePublished\":\"2024-06-28T08:18:11+00:00\",\"dateModified\":\"2025-05-07T16:54:50+00:00\",\"breadcrumb\":{\"@id\":\"https:\\\/\\\/krio.hu\\\/ossejtekrol#breadcrumb\"},\"inLanguage\":\"hu\",\"potentialAction\":[{\"@type\":\"ReadAction\",\"target\":[\"https:\\\/\\\/krio.hu\\\/ossejtekrol\"]}]},{\"@type\":\"BreadcrumbList\",\"@id\":\"https:\\\/\\\/krio.hu\\\/ossejtekrol#breadcrumb\",\"itemListElement\":[{\"@type\":\"ListItem\",\"position\":1,\"name\":\"Kezd\u0151lap\",\"item\":\"https:\\\/\\\/krio.hu\\\/\"},{\"@type\":\"ListItem\",\"position\":2,\"name\":\"\u0150ssejtekr\u0151l\"}]},{\"@type\":\"WebSite\",\"@id\":\"https:\\\/\\\/krio.hu\\\/#website\",\"url\":\"https:\\\/\\\/krio.hu\\\/\",\"name\":\"K\u00f6ss\u00f6n a Krio Int\u00e9zetn\u00e9l \u0151ssejtt\u00e1rol\u00e1si csomagot kedvezm\u00e9nyes \u00e1ron\",\"description\":\"\",\"potentialAction\":[{\"@type\":\"SearchAction\",\"target\":{\"@type\":\"EntryPoint\",\"urlTemplate\":\"https:\\\/\\\/krio.hu\\\/?s={search_term_string}\"},\"query-input\":{\"@type\":\"PropertyValueSpecification\",\"valueRequired\":true,\"valueName\":\"search_term_string\"}}],\"inLanguage\":\"hu\"}]}<\/script>\n<!-- \/ Yoast SEO plugin. -->","yoast_head_json":{"title":"\u0150ssejtekr\u0151l - K\u00f6ss\u00f6n a Krio Int\u00e9zetn\u00e9l \u0151ssejtt\u00e1rol\u00e1si csomagot kedvezm\u00e9nyes \u00e1ron","robots":{"index":"index","follow":"follow","max-snippet":"max-snippet:-1","max-image-preview":"max-image-preview:large","max-video-preview":"max-video-preview:-1"},"canonical":"https:\/\/krio.hu\/ossejtekrol","og_locale":"hu_HU","og_type":"article","og_title":"\u0150ssejtekr\u0151l - K\u00f6ss\u00f6n a Krio Int\u00e9zetn\u00e9l \u0151ssejtt\u00e1rol\u00e1si csomagot kedvezm\u00e9nyes \u00e1ron","og_url":"https:\/\/krio.hu\/ossejtekrol","og_site_name":"K\u00f6ss\u00f6n a Krio Int\u00e9zetn\u00e9l \u0151ssejtt\u00e1rol\u00e1si csomagot kedvezm\u00e9nyes \u00e1ron","article_modified_time":"2025-05-07T16:54:50+00:00","twitter_card":"summary_large_image","schema":{"@context":"https:\/\/schema.org","@graph":[{"@type":"WebPage","@id":"https:\/\/krio.hu\/ossejtekrol","url":"https:\/\/krio.hu\/ossejtekrol","name":"\u0150ssejtekr\u0151l - K\u00f6ss\u00f6n a Krio Int\u00e9zetn\u00e9l \u0151ssejtt\u00e1rol\u00e1si csomagot kedvezm\u00e9nyes \u00e1ron","isPartOf":{"@id":"https:\/\/krio.hu\/#website"},"datePublished":"2024-06-28T08:18:11+00:00","dateModified":"2025-05-07T16:54:50+00:00","breadcrumb":{"@id":"https:\/\/krio.hu\/ossejtekrol#breadcrumb"},"inLanguage":"hu","potentialAction":[{"@type":"ReadAction","target":["https:\/\/krio.hu\/ossejtekrol"]}]},{"@type":"BreadcrumbList","@id":"https:\/\/krio.hu\/ossejtekrol#breadcrumb","itemListElement":[{"@type":"ListItem","position":1,"name":"Kezd\u0151lap","item":"https:\/\/krio.hu\/"},{"@type":"ListItem","position":2,"name":"\u0150ssejtekr\u0151l"}]},{"@type":"WebSite","@id":"https:\/\/krio.hu\/#website","url":"https:\/\/krio.hu\/","name":"K\u00f6ss\u00f6n a Krio Int\u00e9zetn\u00e9l \u0151ssejtt\u00e1rol\u00e1si csomagot kedvezm\u00e9nyes \u00e1ron","description":"","potentialAction":[{"@type":"SearchAction","target":{"@type":"EntryPoint","urlTemplate":"https:\/\/krio.hu\/?s={search_term_string}"},"query-input":{"@type":"PropertyValueSpecification","valueRequired":true,"valueName":"search_term_string"}}],"inLanguage":"hu"}]}},"acf":[],"gutenberg_blocks":[{"blockName":"custom-styles","attrs":{"styles":""}},{"blockName":"core\/paragraph","attrs":{"className":"","epAnimationGeneratedClass":"edplus_anim-HE13Ou","epGeneratedClass":"eplus-wrapper"},"innerBlocks":[],"innerHTML":"\n<p class=\" eplus-wrapper\"><\/p>\n","innerContent":["\n<p class=\" eplus-wrapper\"><\/p>\n"]},{"blockName":"core\/paragraph","attrs":{"className":"","epAnimationGeneratedClass":"edplus_anim-ykn8r2","epGeneratedClass":"eplus-wrapper"},"innerBlocks":[],"innerHTML":"\n<p class=\" eplus-wrapper\"><\/p>\n","innerContent":["\n<p class=\" eplus-wrapper\"><\/p>\n"]}],"meta_data":{"container":""},"_links":{"self":[{"href":"https:\/\/krio.hu\/index.php\/wp-json\/wp\/v2\/pages\/8","targetHints":{"allow":["GET"]}}],"collection":[{"href":"https:\/\/krio.hu\/index.php\/wp-json\/wp\/v2\/pages"}],"about":[{"href":"https:\/\/krio.hu\/index.php\/wp-json\/wp\/v2\/types\/page"}],"author":[{"embeddable":true,"href":"https:\/\/krio.hu\/index.php\/wp-json\/wp\/v2\/users\/1"}],"replies":[{"embeddable":true,"href":"https:\/\/krio.hu\/index.php\/wp-json\/wp\/v2\/comments?post=8"}],"version-history":[{"count":3,"href":"https:\/\/krio.hu\/index.php\/wp-json\/wp\/v2\/pages\/8\/revisions"}],"predecessor-version":[{"id":4357,"href":"https:\/\/krio.hu\/index.php\/wp-json\/wp\/v2\/pages\/8\/revisions\/4357"}],"wp:attachment":[{"href":"https:\/\/krio.hu\/index.php\/wp-json\/wp\/v2\/media?parent=8"}],"curies":[{"name":"wp","href":"https:\/\/api.w.org\/{rel}","templated":true}]}}