{"id":73,"date":"2024-06-28T10:59:15","date_gmt":"2024-06-28T08:59:15","guid":{"rendered":"https:\/\/wordpress-krio-hu.empressia.dev\/?page_id=73"},"modified":"2024-09-19T12:40:43","modified_gmt":"2024-09-19T10:40:43","slug":"rolunk-mondtak","status":"publish","type":"page","link":"https:\/\/krio.hu\/pacienseink\/rolunk-mondtak","title":{"rendered":"R\u00f3lunk mondt\u00e1k"},"content":{"rendered":"<section class=\"hero-with-mixed-content pb-32 pt-70 xl:py-134 md:mb-96\">\n  <div class=\"container flex flex-col md:flex-row md:justify-between gap-x-20 gap-y-100 items-center\">\n    <div class=\"order-2 md:order-1 space-y-24 xl:space-y-48 pb-32 md:p-0 flex flex-col w-full md:w-1\/2 xl:w-[48rem]\">\n              \n    <h2   class=\"h4 text-blue\">\n\n            R\u00f3lunk mondt\u00e1k\n\n    <\/h2>\n\n      \n              <div class=\"wysiwyg xl:ml-80 xxl:ml-100 xxxl:max-w-[50rem]\">\n          <p>Ismerje meg \u00fcgyfeleink v\u00e9lem\u00e9ny\u00e9t, akik a sz\u00fclet\u00e9skor gy\u0171jthet\u0151 \u0151ssejtek t\u00e1rol\u00e1sa mellett d\u00f6nt\u00f6ttek \u00e9s a Krio Int\u00e9zetet v\u00e1lasztott\u00e1k.<br \/>\nT\u00f6bb mint 40.000 csal\u00e1d b\u00edzik a szolg\u00e1ltat\u00e1sainkban Magyarorsz\u00e1gon.<\/p>\n\n        <\/div>\n      \n              <div class=\"flex flex-col md:flex-row gap-y-16 gap-x-24 xl:pl-80 xxl:pl-100\">\n                      \n\t\n\t\n\t\t\t\t\t<a href=\"#feedback-from-our-customers\" target=\"\"  class=\"button secondary text-center  \">\n        \n        \n                    Olvasson v\u00e9lem\u00e9nyeket\n        \n        \n        \n                    <\/a>\n\t\t\n\t\n                      \n\t\n\t\n\t\t\t\t\t<a href=\"https:\/\/krio.hu\/kapcsolat\/uj-ugyfeleknek\/\" target=\"\"  class=\"button primary text-center  \">\n        \n        \n                    Kapcsolat\n        \n        \n        \n                    <\/a>\n\t\t\n\t\n                  <\/div>\n          <\/div>\n\n    <div class=\"flex flex-col gap-16 order-1 md:order-2 shrink-0 w-full md:w-1\/2 xl:w-[58rem] relative\">\n      <div class=\"relative w-full max-w-320 lg:max-w-580 mx-auto\">\n        <div class=\"[&#038;_figure]:h-[26.5rem] lg:[&#038;_figure]:h-[38rem] xl:[&#038;_figure]:h-[48rem] rounded-tr-16 rounded-br-16 rounded-bl-16 overflow-hidden shadow-hero-with-mixed-content-image\">\n                      \n            \n\t\n\t\t\n\t\t\t\n\t<figure class=\"overflow-hidden relative z-20 bg-white [&#038;_img]:object-contain\">\n\n\t\t\n\t\t\t\t\t\t\t\t\t\n\t\t\t<img decoding=\"async\" src=\"https:\/\/krio.hu\/wp-content\/uploads\/2024\/07\/women_doctor.webp\" srcset=\"https:\/\/krio.hu\/wp-content\/uploads\/2024\/07\/women_doctor.webp 459w, https:\/\/krio.hu\/wp-content\/uploads\/2024\/07\/women_doctor-225x300.webp 225w\" sizes=\"(max-width: 459px) 100vw, 459px\" alt=\"women_doctor\" class=\"h-full w-full object-cover\" width=\"459\" height=\"613\"  loading=\"lazy\" \/>\n\n\t\t\n\t<\/figure>\n\n\n\t\t\n\t\n                  <\/div>\n\n          <div class=\"absolute top-0 left-0 flex flex-col md:gap-16 pointer-events-none z-20 -translate-y-1\/2 md:translate-y-0\">\n    <div class=\"flex justify-center items-center md:-translate-x-20 md:-translate-y-16 bg-white shadow-icon size-96 rounded-full aspect-square\">\n      \n\t\n\t\t\n\t\t\t\n\t<figure class=\"overflow-hidden \">\n\n\t\t\n\t\t\t\t\t\t\t\t\t\n\t\t\t<img decoding=\"async\" src=\"https:\/\/krio.hu\/wp-content\/uploads\/2024\/07\/trusted-us-hero-decorator-top-left-big.svg\" srcset=\"\" sizes=\"\" alt=\"trusted-us-hero-decorator-top-left-big\" class=\"h-full w-full object-cover\" width=\"40\" height=\"40\"  loading=\"lazy\" \/>\n\n\t\t\n\t<\/figure>\n\n\n\t\t\n\t\n    <\/div>\n\n          <div class=\"flex justify-center items-center -translate-x-16 md:-translate-x-1\/2 size-32 rounded-full aspect-square bg-blue\">\n        \n\t\n\t\t\n\t\t\t\n\t<figure class=\"overflow-hidden \">\n\n\t\t\n\t\t\t\t\t\t\t\t\t\n\t\t\t<img decoding=\"async\" src=\"https:\/\/krio.hu\/wp-content\/uploads\/2024\/07\/quote.svg\" srcset=\"\" sizes=\"\" alt=\"quote\" class=\"h-full w-full object-cover\" width=\"12\" height=\"8\"  loading=\"lazy\" \/>\n\n\t\t\n\t<\/figure>\n\n\n\t\t\n\t\n      <\/div>\n      <\/div>\n\n  <div class=\"absolute bottom-5 left-8 md:bottom-20 md:left-20 pointer-events-none z-20 w-54 h-50\">\n    \n\t\n\t\t\n\t\t\t\n\t<figure class=\"overflow-hidden \">\n\n\t\t\n\t\t\t\t\t\t\t\t\t\n\t\t\t<img decoding=\"async\" src=\"https:\/\/krio.hu\/wp-content\/uploads\/2024\/07\/trusted-us-hero-decorator-bottom-left.svg\" srcset=\"\" sizes=\"\" alt=\"trusted-us-hero-decorator-bottom-left\" class=\"h-full w-full object-cover\" width=\"75\" height=\"72\"  loading=\"lazy\" \/>\n\n\t\t\n\t<\/figure>\n\n\n\t\t\n\t\n  <\/div>\n      <\/div>\n\n      \n      <div class=\"absolute left-1\/2 top-1\/2 -translate-x-1\/2 -translate-y-1\/2\">\n        <svg xmlns=\"http:\/\/www.w3.org\/2000\/svg\"\n          width=\"731\"\n          height=\"730\"\n          viewBox=\"0 0 731 730\"\n          fill=\"none\"\n          class=\"h-[35.6rem] m:h-[40rem] lg:h-[54rem] xl:h-auto\">\n          <path d=\"M458.117 47.5867C520.21 -14.5066 620.883 -14.5067 682.977 47.5866C745.07 109.68 745.07 210.353 682.977 272.447L272.994 682.429C210.901 744.523 110.227 744.523 48.134 682.43C-13.9593 620.336 -13.9593 519.663 48.134 457.57L458.117 47.5867Z\"\n            stroke=\"#1560DA\"\n            stroke-width=\"2\" \/>\n        <\/svg>\n      <\/div>\n    <\/div>\n  <\/div>\n<\/section>\n\n\n\n<div id=\"feedback-from-our-customers\" class=\"wp-block-group eplus-wrapper\"><div class=\"wp-block-group__inner-container is-layout-constrained wp-block-group-is-layout-constrained\">\n<section class=\"section-with-heading-and-text section-margin section-margin--small\">\n\t<div class=\"container\">\n\n\t\t\t\t\t\n\t\t\t\n    <h2   class=\"h2  text-blue break-words lg:max-w-[90%] xl:max-w-[98rem]\">\n\n            \u00dcgyfeleink visszajelz\u00e9sei\n\n    <\/h2>\n\n\t\t\n\t\t\n        \n\t<\/div>\n<\/section>\n<\/div><\/div>\n\n\n  <ul class=\"container section-margin section-margin--small grid grid-cols-1 md:grid-cols-2 lg:grid-cols-3 gap-20 auto-rows-fr\">\n          <li class=\"flex flex-col gap-16 px-16 py-24 bg-neutral-100 rounded-16 lg:pb-74\">\n        <p class=\"paragraph--m text-blue font-medium\">Krisztina K.<\/p>\n        <p class=\"paragraph--m text-black\">\u201eEgy\u00e9rtelm\u0171en ez a babakelengy\u00e9nk legfontosabb r\u00e9sze. Az \u00e9let k\u00fcl\u00f6nf\u00e9le forgat\u00f3k\u00f6nyveket \u00edr, \u00e9s mi szeretn\u00e9nk felk\u00e9sz\u00fclni mindenre! Az orvostudom\u00e1ny folyamatosan fejl\u0151dik, \u00e9s a PBKM m\u00e1r most is nagysz\u00e1m\u00fa \u0151ssejtkezel\u00e9st k\u00edn\u00e1l. Term\u00e9szetesen rem\u00e9lj\u00fck, hogy nem lesz sz\u00fcks\u00e9g\u00fcnk r\u00e1.\u201d<\/p>\n      <\/li>\n          <li class=\"flex flex-col gap-16 px-16 py-24 bg-neutral-100 rounded-16 lg:pb-74\">\n        <p class=\"paragraph--m text-blue font-medium\">Csilla S.<\/p>\n        <p class=\"paragraph--m text-black\">\u201e2009 \u00f3ta vagyok \u00fcgyf\u00e9l. A l\u00e1nyunk sz\u00fclet\u00e9sekor t\u00e1roltattuk el a k\u00f6ld\u00f6kzsin\u00f3rv\u00e9rt. Hissz\u00fck, hogy enn\u00e9l nagyobb aj\u00e1nd\u00e9kot nem adhatunk neki, b\u00e1r rem\u00e9lj\u00fck, soha nem kell majd haszn\u00e1lnia.\u201d<\/p>\n      <\/li>\n          <li class=\"flex flex-col gap-16 px-16 py-24 bg-neutral-100 rounded-16 lg:pb-74\">\n        <p class=\"paragraph--m text-blue font-medium\">Judit G.<\/p>\n        <p class=\"paragraph--m text-black\">\u201eKiv\u00e1l\u00f3 szolg\u00e1ltat\u00e1st kaptunk az \u0151ssejtek lev\u00e9tele el\u0151tt \u00e9s ut\u00e1na is. A t\u00e1rol\u00e1ssal kapcsolatos minden inform\u00e1ci\u00f3 el\u00e9rhet\u0151 a weboldalon. Csak olvassanak bele, b\u00e1tor\u00edtok mindenkit! E mellett, aj\u00e1nlom a \u201eK\u00e9zr\u0151l-k\u00e9zre\u201d programot \u2013 ez azoknak a sz\u00fcl\u0151knek a sz\u00f3l, akik m\u00e1r kor\u00e1bban elt\u00e1roltatt\u00e1k gyermek\u00fck mint\u00e1j\u00e1t.\u201d<\/p>\n      <\/li>\n          <li class=\"flex flex-col gap-16 px-16 py-24 bg-neutral-100 rounded-16 lg:pb-74\">\n        <p class=\"paragraph--m text-blue font-medium\">Alekszandra P.<\/p>\n        <p class=\"paragraph--m text-black\">\u201eBiztos\u00edtja a gyermek \u00e9s esetlegesen csal\u00e1dtagjai gy\u00f3gyul\u00e1s\u00e1t \u00e9s eg\u00e9szs\u00e9g\u00e9t. A gyermek \u00e9lete megfizethetetlen! B\u00e1rcsak soha ne kellene haszn\u00e1lnunk a v\u00e9rt. Javaslom.\u201d<\/p>\n      <\/li>\n          <li class=\"flex flex-col gap-16 px-16 py-24 bg-neutral-100 rounded-16 lg:pb-74\">\n        <p class=\"paragraph--m text-blue font-medium\">Petra L.<\/p>\n        <p class=\"paragraph--m text-black\">&#8222;\u00c9n is a k\u00f6ld\u00f6kzsin\u00f3rv\u00e9r \u00e9s sz\u00f6vet lev\u00e9tele mellett d\u00f6nt\u00f6ttem. A teljes folyamat t\u00e1j\u00e9koztat\u00e1s, szerz\u0151d\u00e9sk\u00f6t\u00e9s, lev\u00e9tel, a legt\u00f6k\u00e9letesebben t\u00f6rt\u00e9nt.\u201d<\/p>\n      <\/li>\n          <li class=\"flex flex-col gap-16 px-16 py-24 bg-neutral-100 rounded-16 lg:pb-74\">\n        <p class=\"paragraph--m text-blue font-medium\">M\u00f3nika T.<\/p>\n        <p class=\"paragraph--m text-black\">\u201e\u00d6n\u00f6knek k\u00f6sz\u00f6nhet\u0151en biztons\u00e1gban \u00e9rzem a kisbab\u00e1m j\u00f6v\u0151beni eg\u00e9szs\u00e9g\u00e9t. K\u00f6sz\u00f6n\u00f6m!\u201d<\/p>\n      <\/li>\n          <li class=\"flex flex-col gap-16 px-16 py-24 bg-neutral-100 rounded-16 lg:pb-74\">\n        <p class=\"paragraph--m text-blue font-medium\">Anett K.<\/p>\n        <p class=\"paragraph--m text-black\">\u201eMert az eg\u00e9szs\u00e9g a legfontosabb.\u201d<\/p>\n      <\/li>\n          <li class=\"flex flex-col gap-16 px-16 py-24 bg-neutral-100 rounded-16 lg:pb-74\">\n        <p class=\"paragraph--m text-blue font-medium\">Linda V.<\/p>\n        <p class=\"paragraph--m text-black\">\u201eProfesszion\u00e1lis egy\u00fcttm\u0171k\u00f6d\u00e9s. K\u00f6sz\u00f6n\u00f6m.\u201d<\/p>\n      <\/li>\n          <li class=\"flex flex-col gap-16 px-16 py-24 bg-neutral-100 rounded-16 lg:pb-74\">\n        <p class=\"paragraph--m text-blue font-medium\">Edina Sz.<\/p>\n        <p class=\"paragraph--m text-black\">\u201eNagyszer\u0171 beruh\u00e1z\u00e1s gyermekem sz\u00e1m\u00e1ra!\u201d<\/p>\n      <\/li>\n      <\/ul>\n","protected":false},"excerpt":{"rendered":"","protected":false},"author":1,"featured_media":0,"parent":65,"menu_order":0,"comment_status":"closed","ping_status":"closed","template":"","meta":{"_acf_changed":false,"inline_featured_image":false,"editor_plus_copied_stylings":"{}","footnotes":""},"class_list":["post-73","page","type-page","status-publish","hentry"],"yoast_head":"<!-- This site is optimized with the Yoast SEO plugin v27.3 - https:\/\/yoast.com\/product\/yoast-seo-wordpress\/ -->\n<title>R\u00f3lunk mondt\u00e1k - K\u00f6ss\u00f6n a Krio Int\u00e9zetn\u00e9l \u0151ssejtt\u00e1rol\u00e1si csomagot kedvezm\u00e9nyes \u00e1ron<\/title>\n<meta name=\"robots\" content=\"index, follow, max-snippet:-1, max-image-preview:large, max-video-preview:-1\" \/>\n<link rel=\"canonical\" href=\"https:\/\/krio.hu\/pacienseink\/rolunk-mondtak\" \/>\n<meta property=\"og:locale\" content=\"hu_HU\" \/>\n<meta property=\"og:type\" content=\"article\" \/>\n<meta property=\"og:title\" content=\"R\u00f3lunk mondt\u00e1k - K\u00f6ss\u00f6n a Krio Int\u00e9zetn\u00e9l \u0151ssejtt\u00e1rol\u00e1si csomagot kedvezm\u00e9nyes \u00e1ron\" \/>\n<meta property=\"og:url\" content=\"https:\/\/krio.hu\/pacienseink\/rolunk-mondtak\" \/>\n<meta property=\"og:site_name\" content=\"K\u00f6ss\u00f6n a Krio Int\u00e9zetn\u00e9l \u0151ssejtt\u00e1rol\u00e1si csomagot kedvezm\u00e9nyes \u00e1ron\" \/>\n<meta property=\"article:modified_time\" content=\"2024-09-19T10:40:43+00:00\" \/>\n<meta name=\"twitter:card\" content=\"summary_large_image\" \/>\n<script type=\"application\/ld+json\" class=\"yoast-schema-graph\">{\"@context\":\"https:\\\/\\\/schema.org\",\"@graph\":[{\"@type\":\"WebPage\",\"@id\":\"https:\\\/\\\/krio.hu\\\/pacienseink\\\/rolunk-mondtak\",\"url\":\"https:\\\/\\\/krio.hu\\\/pacienseink\\\/rolunk-mondtak\",\"name\":\"R\u00f3lunk mondt\u00e1k - K\u00f6ss\u00f6n a Krio Int\u00e9zetn\u00e9l \u0151ssejtt\u00e1rol\u00e1si csomagot kedvezm\u00e9nyes \u00e1ron\",\"isPartOf\":{\"@id\":\"https:\\\/\\\/krio.hu\\\/#website\"},\"datePublished\":\"2024-06-28T08:59:15+00:00\",\"dateModified\":\"2024-09-19T10:40:43+00:00\",\"breadcrumb\":{\"@id\":\"https:\\\/\\\/krio.hu\\\/pacienseink\\\/rolunk-mondtak#breadcrumb\"},\"inLanguage\":\"hu\",\"potentialAction\":[{\"@type\":\"ReadAction\",\"target\":[\"https:\\\/\\\/krio.hu\\\/pacienseink\\\/rolunk-mondtak\"]}]},{\"@type\":\"BreadcrumbList\",\"@id\":\"https:\\\/\\\/krio.hu\\\/pacienseink\\\/rolunk-mondtak#breadcrumb\",\"itemListElement\":[{\"@type\":\"ListItem\",\"position\":1,\"name\":\"Kezd\u0151lap\",\"item\":\"https:\\\/\\\/krio.hu\\\/\"},{\"@type\":\"ListItem\",\"position\":2,\"name\":\"T\u00f6rt\u00e9neteink\",\"item\":\"https:\\\/\\\/krio.hu\\\/pacienseink\"},{\"@type\":\"ListItem\",\"position\":3,\"name\":\"R\u00f3lunk mondt\u00e1k\"}]},{\"@type\":\"WebSite\",\"@id\":\"https:\\\/\\\/krio.hu\\\/#website\",\"url\":\"https:\\\/\\\/krio.hu\\\/\",\"name\":\"K\u00f6ss\u00f6n a Krio Int\u00e9zetn\u00e9l \u0151ssejtt\u00e1rol\u00e1si csomagot kedvezm\u00e9nyes \u00e1ron\",\"description\":\"\",\"potentialAction\":[{\"@type\":\"SearchAction\",\"target\":{\"@type\":\"EntryPoint\",\"urlTemplate\":\"https:\\\/\\\/krio.hu\\\/?s={search_term_string}\"},\"query-input\":{\"@type\":\"PropertyValueSpecification\",\"valueRequired\":true,\"valueName\":\"search_term_string\"}}],\"inLanguage\":\"hu\"}]}<\/script>\n<!-- \/ Yoast SEO plugin. -->","yoast_head_json":{"title":"R\u00f3lunk mondt\u00e1k - K\u00f6ss\u00f6n a Krio Int\u00e9zetn\u00e9l \u0151ssejtt\u00e1rol\u00e1si csomagot kedvezm\u00e9nyes \u00e1ron","robots":{"index":"index","follow":"follow","max-snippet":"max-snippet:-1","max-image-preview":"max-image-preview:large","max-video-preview":"max-video-preview:-1"},"canonical":"https:\/\/krio.hu\/pacienseink\/rolunk-mondtak","og_locale":"hu_HU","og_type":"article","og_title":"R\u00f3lunk mondt\u00e1k - K\u00f6ss\u00f6n a Krio Int\u00e9zetn\u00e9l \u0151ssejtt\u00e1rol\u00e1si csomagot kedvezm\u00e9nyes \u00e1ron","og_url":"https:\/\/krio.hu\/pacienseink\/rolunk-mondtak","og_site_name":"K\u00f6ss\u00f6n a Krio Int\u00e9zetn\u00e9l \u0151ssejtt\u00e1rol\u00e1si csomagot kedvezm\u00e9nyes \u00e1ron","article_modified_time":"2024-09-19T10:40:43+00:00","twitter_card":"summary_large_image","schema":{"@context":"https:\/\/schema.org","@graph":[{"@type":"WebPage","@id":"https:\/\/krio.hu\/pacienseink\/rolunk-mondtak","url":"https:\/\/krio.hu\/pacienseink\/rolunk-mondtak","name":"R\u00f3lunk mondt\u00e1k - K\u00f6ss\u00f6n a Krio Int\u00e9zetn\u00e9l \u0151ssejtt\u00e1rol\u00e1si csomagot kedvezm\u00e9nyes \u00e1ron","isPartOf":{"@id":"https:\/\/krio.hu\/#website"},"datePublished":"2024-06-28T08:59:15+00:00","dateModified":"2024-09-19T10:40:43+00:00","breadcrumb":{"@id":"https:\/\/krio.hu\/pacienseink\/rolunk-mondtak#breadcrumb"},"inLanguage":"hu","potentialAction":[{"@type":"ReadAction","target":["https:\/\/krio.hu\/pacienseink\/rolunk-mondtak"]}]},{"@type":"BreadcrumbList","@id":"https:\/\/krio.hu\/pacienseink\/rolunk-mondtak#breadcrumb","itemListElement":[{"@type":"ListItem","position":1,"name":"Kezd\u0151lap","item":"https:\/\/krio.hu\/"},{"@type":"ListItem","position":2,"name":"T\u00f6rt\u00e9neteink","item":"https:\/\/krio.hu\/pacienseink"},{"@type":"ListItem","position":3,"name":"R\u00f3lunk mondt\u00e1k"}]},{"@type":"WebSite","@id":"https:\/\/krio.hu\/#website","url":"https:\/\/krio.hu\/","name":"K\u00f6ss\u00f6n a Krio Int\u00e9zetn\u00e9l \u0151ssejtt\u00e1rol\u00e1si csomagot kedvezm\u00e9nyes \u00e1ron","description":"","potentialAction":[{"@type":"SearchAction","target":{"@type":"EntryPoint","urlTemplate":"https:\/\/krio.hu\/?s={search_term_string}"},"query-input":{"@type":"PropertyValueSpecification","valueRequired":true,"valueName":"search_term_string"}}],"inLanguage":"hu"}]}},"acf":[],"gutenberg_blocks":[{"blockName":"custom-styles","attrs":{"styles":""}},{"blockName":"acf\/hero-with-mixed-content","attrs":{"name":"acf\/hero-with-mixed-content","data":{"hwmc_heading_heading_text":"R\u00f3lunk mondt\u00e1k","_hwmc_heading_heading_text":"field_638627ccced84","hwmc_heading_heading_level":"h2","_hwmc_heading_heading_level":"field_638627e7ced85","hwmc_heading_heading_variant":"h4","_hwmc_heading_heading_variant":"field_63862847ced86","hwmc_heading_extra_classes":"","_hwmc_heading_extra_classes":"field_638628eeced88","hwmc_heading":"","_hwmc_heading":"field_665d7c7d869ea","hwmc_subheading":"Ismerje meg \u00fcgyfeleink v\u00e9lem\u00e9ny\u00e9t, akik a sz\u00fclet\u00e9skor gy\u0171jthet\u0151 \u0151ssejtek t\u00e1rol\u00e1sa mellett d\u00f6nt\u00f6ttek \u00e9s a Krio Int\u00e9zetet v\u00e1lasztott\u00e1k.\r\nT\u00f6bb mint 40.000 csal\u00e1d b\u00edzik a szolg\u00e1ltat\u00e1sainkban Magyarorsz\u00e1gon.","_hwmc_subheading":"field_665d7cbf869ec","hwmc_buttons_0_button_title":"Olvasson v\u00e9lem\u00e9nyeket","_hwmc_buttons_0_button_title":"field_61d40397c2f0a","hwmc_buttons_0_button_button_type":"link","_hwmc_buttons_0_button_button_type":"field_63bbde3b8f0d0","hwmc_buttons_0_button_link":{"title":"","url":"#feedback-from-our-customers","target":""},"_hwmc_buttons_0_button_link":"field_61d4039bc2f0b","hwmc_buttons_0_button_button_style":"secondary","_hwmc_buttons_0_button_button_style":"field_63872d045d0f0","hwmc_buttons_0_button_target":"_self","_hwmc_buttons_0_button_target":"field_63872c705d0ef","hwmc_buttons_0_button_button_extra_classes":"","_hwmc_buttons_0_button_button_extra_classes":"field_642beab6a97de","hwmc_buttons_0_button":"","_hwmc_buttons_0_button":"field_665d7d17869ef","hwmc_buttons_1_button_title":"Kapcsolat","_hwmc_buttons_1_button_title":"field_61d40397c2f0a","hwmc_buttons_1_button_button_type":"link","_hwmc_buttons_1_button_button_type":"field_63bbde3b8f0d0","hwmc_buttons_1_button_link":{"title":"El\u00e9rhet\u0151s\u00e9gek \u00faj \u00fcgyfeleknek","url":"https:\/\/krio.hu\/kapcsolat\/uj-ugyfeleknek\/","target":""},"_hwmc_buttons_1_button_link":"field_61d4039bc2f0b","hwmc_buttons_1_button_button_style":"primary","_hwmc_buttons_1_button_button_style":"field_63872d045d0f0","hwmc_buttons_1_button_target":"_self","_hwmc_buttons_1_button_target":"field_63872c705d0ef","hwmc_buttons_1_button_button_extra_classes":"","_hwmc_buttons_1_button_button_extra_classes":"field_642beab6a97de","hwmc_buttons_1_button":"","_hwmc_buttons_1_button":"field_665d7d17869ef","hwmc_buttons":2,"_hwmc_buttons":"field_665d7d00869ee","hwmc_image":3618,"_hwmc_image":"field_665d7d4b869f1","hwmc_image_patterns_top_left_big":3596,"_hwmc_image_patterns_top_left_big":"field_66697733afdb6","hwmc_image_patterns_top_left_small":3594,"_hwmc_image_patterns_top_left_small":"field_66697742afdb7","hwmc_image_patterns_bottom_left_big":3595,"_hwmc_image_patterns_bottom_left_big":"field_6669774bafdb8","hwmc_image_patterns":"","_hwmc_image_patterns":"field_666976f5afdb5","hwmc_variant":"blue","_hwmc_variant":"field_665d818060901","hwmc_display_opinions":"0","_hwmc_display_opinions":"field_666976bdafdb4","hwmc_image_display_mode":"contain","_hwmc_image_display_mode":"field_66697768c152c"},"mode":"edit"},"innerBlocks":[],"innerHTML":"","innerContent":[]},{"blockName":"core\/group","attrs":{"className":"","layout":{"type":"constrained"},"epAnimationGeneratedClass":"edplus_anim-b1hhky","epGeneratedClass":"eplus-wrapper"},"innerBlocks":[{"blockName":"acf\/section-with-heading-and-text","attrs":{"name":"acf\/section-with-heading-and-text","data":{"swh_heading_heading_text":"\u00dcgyfeleink visszajelz\u00e9sei","_swh_heading_heading_text":"field_638627ccced84","swh_heading_heading_level":"h2","_swh_heading_heading_level":"field_638627e7ced85","swh_heading_heading_variant":"h2","_swh_heading_heading_variant":"field_63862847ced86","swh_heading_extra_classes":"","_swh_heading_extra_classes":"field_638628eeced88","swh_heading":"","_swh_heading":"field_661f7a31d7af2","swh_text_content":"","_swh_text_content":"field_661f7a4ed7af3","swh_text_font_size":"standard","_swh_text_font_size":"field_661f7c6138932","swh_text":"","_swh_text":"field_661f7be79ef3c","swh_button_title":"","_swh_button_title":"field_61d40397c2f0a","swh_button_button_type":"link","_swh_button_button_type":"field_63bbde3b8f0d0","swh_button_link":"","_swh_button_link":"field_61d4039bc2f0b","swh_button_button_style":"primary","_swh_button_button_style":"field_63872d045d0f0","swh_button_target":"_self","_swh_button_target":"field_63872c705d0ef","swh_button_button_extra_classes":"","_swh_button_button_extra_classes":"field_642beab6a97de","swh_button":"","_swh_button":"field_66853a6d75ca9","swh_limited_heading_width":"1","_swh_limited_heading_width":"field_661f7a72d7af6","swh_limited_text_width":"1","_swh_limited_text_width":"field_661fc398f3636","swh_disable_bottom_margin":"0","_swh_disable_bottom_margin":"field_6683eac068913"},"mode":"edit"},"innerBlocks":[],"innerHTML":"","innerContent":[]}],"innerHTML":"\n<div id=\"feedback-from-our-customers\" class=\" wp-block-group eplus-wrapper\"><\/div>\n","innerContent":["\n<div id=\"feedback-from-our-customers\" class=\" wp-block-group eplus-wrapper\">",null,"<\/div>\n"]},{"blockName":"acf\/tiles-grid","attrs":{"name":"acf\/tiles-grid","data":{"tg_tiles_0_title":"Krisztina K.","_tg_tiles_0_title":"field_66869e221bdde","tg_tiles_0_text":"\u201eEgy\u00e9rtelm\u0171en ez a babakelengy\u00e9nk legfontosabb r\u00e9sze. Az \u00e9let k\u00fcl\u00f6nf\u00e9le forgat\u00f3k\u00f6nyveket \u00edr, \u00e9s mi szeretn\u00e9nk felk\u00e9sz\u00fclni mindenre! Az orvostudom\u00e1ny folyamatosan fejl\u0151dik, \u00e9s a PBKM m\u00e1r most is nagysz\u00e1m\u00fa \u0151ssejtkezel\u00e9st k\u00edn\u00e1l. Term\u00e9szetesen rem\u00e9lj\u00fck, hogy nem lesz sz\u00fcks\u00e9g\u00fcnk r\u00e1.\u201d","_tg_tiles_0_text":"field_66869e301bddf","tg_tiles_1_title":"Csilla S.","_tg_tiles_1_title":"field_66869e221bdde","tg_tiles_1_text":"\u201e2009 \u00f3ta vagyok \u00fcgyf\u00e9l. A l\u00e1nyunk sz\u00fclet\u00e9sekor t\u00e1roltattuk el a k\u00f6ld\u00f6kzsin\u00f3rv\u00e9rt. Hissz\u00fck, hogy enn\u00e9l nagyobb aj\u00e1nd\u00e9kot nem adhatunk neki, b\u00e1r rem\u00e9lj\u00fck, soha nem kell majd haszn\u00e1lnia.\u201d","_tg_tiles_1_text":"field_66869e301bddf","tg_tiles_2_title":"Judit G.","_tg_tiles_2_title":"field_66869e221bdde","tg_tiles_2_text":"\u201eKiv\u00e1l\u00f3 szolg\u00e1ltat\u00e1st kaptunk az \u0151ssejtek lev\u00e9tele el\u0151tt \u00e9s ut\u00e1na is. A t\u00e1rol\u00e1ssal kapcsolatos minden inform\u00e1ci\u00f3 el\u00e9rhet\u0151 a weboldalon. Csak olvassanak bele, b\u00e1tor\u00edtok mindenkit! E mellett, aj\u00e1nlom a \u201eK\u00e9zr\u0151l-k\u00e9zre\u201d programot \u2013 ez azoknak a sz\u00fcl\u0151knek a sz\u00f3l, akik m\u00e1r kor\u00e1bban elt\u00e1roltatt\u00e1k gyermek\u00fck mint\u00e1j\u00e1t.\u201d","_tg_tiles_2_text":"field_66869e301bddf","tg_tiles_3_title":"Alekszandra P.","_tg_tiles_3_title":"field_66869e221bdde","tg_tiles_3_text":"\u201eBiztos\u00edtja a gyermek \u00e9s esetlegesen csal\u00e1dtagjai gy\u00f3gyul\u00e1s\u00e1t \u00e9s eg\u00e9szs\u00e9g\u00e9t. A gyermek \u00e9lete megfizethetetlen! B\u00e1rcsak soha ne kellene haszn\u00e1lnunk a v\u00e9rt. Javaslom.\u201d","_tg_tiles_3_text":"field_66869e301bddf","tg_tiles_4_title":"Petra L.","_tg_tiles_4_title":"field_66869e221bdde","tg_tiles_4_text":"\"\u00c9n is a k\u00f6ld\u00f6kzsin\u00f3rv\u00e9r \u00e9s sz\u00f6vet lev\u00e9tele mellett d\u00f6nt\u00f6ttem. A teljes folyamat t\u00e1j\u00e9koztat\u00e1s, szerz\u0151d\u00e9sk\u00f6t\u00e9s, lev\u00e9tel, a legt\u00f6k\u00e9letesebben t\u00f6rt\u00e9nt.\u201d","_tg_tiles_4_text":"field_66869e301bddf","tg_tiles_5_title":"M\u00f3nika T.","_tg_tiles_5_title":"field_66869e221bdde","tg_tiles_5_text":"\u201e\u00d6n\u00f6knek k\u00f6sz\u00f6nhet\u0151en biztons\u00e1gban \u00e9rzem a kisbab\u00e1m j\u00f6v\u0151beni eg\u00e9szs\u00e9g\u00e9t. K\u00f6sz\u00f6n\u00f6m!\u201d","_tg_tiles_5_text":"field_66869e301bddf","tg_tiles_6_title":"Anett K.","_tg_tiles_6_title":"field_66869e221bdde","tg_tiles_6_text":"\u201eMert az eg\u00e9szs\u00e9g a legfontosabb.\u201d","_tg_tiles_6_text":"field_66869e301bddf","tg_tiles_7_title":"Linda V.","_tg_tiles_7_title":"field_66869e221bdde","tg_tiles_7_text":"\u201eProfesszion\u00e1lis egy\u00fcttm\u0171k\u00f6d\u00e9s. K\u00f6sz\u00f6n\u00f6m.\u201d","_tg_tiles_7_text":"field_66869e301bddf","tg_tiles_8_title":"Edina Sz.","_tg_tiles_8_title":"field_66869e221bdde","tg_tiles_8_text":"\u201eNagyszer\u0171 beruh\u00e1z\u00e1s gyermekem sz\u00e1m\u00e1ra!\u201d","_tg_tiles_8_text":"field_66869e301bddf","tg_tiles":9,"_tg_tiles":"field_66869e131bddd"},"mode":"edit"},"innerBlocks":[],"innerHTML":"","innerContent":[]}],"meta_data":{"container":""},"_links":{"self":[{"href":"https:\/\/krio.hu\/index.php\/wp-json\/wp\/v2\/pages\/73","targetHints":{"allow":["GET"]}}],"collection":[{"href":"https:\/\/krio.hu\/index.php\/wp-json\/wp\/v2\/pages"}],"about":[{"href":"https:\/\/krio.hu\/index.php\/wp-json\/wp\/v2\/types\/page"}],"author":[{"embeddable":true,"href":"https:\/\/krio.hu\/index.php\/wp-json\/wp\/v2\/users\/1"}],"replies":[{"embeddable":true,"href":"https:\/\/krio.hu\/index.php\/wp-json\/wp\/v2\/comments?post=73"}],"version-history":[{"count":7,"href":"https:\/\/krio.hu\/index.php\/wp-json\/wp\/v2\/pages\/73\/revisions"}],"predecessor-version":[{"id":4031,"href":"https:\/\/krio.hu\/index.php\/wp-json\/wp\/v2\/pages\/73\/revisions\/4031"}],"up":[{"embeddable":true,"href":"https:\/\/krio.hu\/index.php\/wp-json\/wp\/v2\/pages\/65"}],"wp:attachment":[{"href":"https:\/\/krio.hu\/index.php\/wp-json\/wp\/v2\/media?parent=73"}],"curies":[{"name":"wp","href":"https:\/\/api.w.org\/{rel}","templated":true}]}}