{"id":3450,"date":"2024-07-03T12:09:50","date_gmt":"2024-07-03T10:09:50","guid":{"rendered":"https:\/\/wordpress-krio-hu.empressia.dev\/?page_id=3450"},"modified":"2024-07-03T12:47:39","modified_gmt":"2024-07-03T10:47:39","slug":"transzplantacios-csomag","status":"publish","type":"page","link":"https:\/\/krio.hu\/szolgaltatasaink\/kiegeszito-szolgaltatasok\/transzplantacios-csomag","title":{"rendered":"Transzplant\u00e1ci\u00f3s csomag"},"content":{"rendered":"\n<section class=\"hero flex flex-col justify-center bg-center bg-cover bg-no-repeat py-32 lg:py-48 mb-72 xl:mb-120 relative min-h-[20.5rem] xl:min-h-[26rem]\" style=\"background-image: url(https:\/\/krio.hu\/wp-content\/uploads\/2024\/07\/hero_bg.webp)\">\n\t<div class=\"container items-center\">\n\t\t<h1 class=\"text-center text-blue max-w-[90%] md:max-w-[60%] lg:max-w-[80%] xxl:max-w-1200 mx-auto\">\n\t\t\t\t\t\t\t<span class=\"font-normal break-words\">Transzplant\u00e1ci\u00f3s<\/span>\n\t\t\t\n\t\t\t\t\t\t\t<br\/>\n\t\t\t\n\t\t\t\t\t\t\t<span class=\"font-extralight break-words\">csomag<\/span>\n\t\t\t\t\t<\/h1>\n\t<\/div>\n\n\t<div class=\"absolute left-[-14rem] bottom-[-10.8rem] md:bottom-[-15.8rem] xl:bottom-[-20.3rem]\">\n\t\t<svg width=\"500\" height=\"500\" viewbox=\"0 0 500 500\" fill=\"none\" xmlns=\"http:\/\/www.w3.org\/2000\/svg\" class=\"size-180 md:size-260 xl:size-340\">\n\t\t\t<mask id=\"mask0_1511_27028\" style=\"mask-type:alpha\" maskunits=\"userSpaceOnUse\" x=\"0\" y=\"0\" width=\"500\" height=\"200\">\n\t\t\t\t<rect width=\"500\" height=\"200\" transform=\"matrix(-1 0 0 1 500 0)\" fill=\"#D9D9D9\"\/>\n\t\t\t<\/mask>\n\t\t\t<g mask=\"url(#mask0_1511_27028)\">\n\t\t\t\t<path d=\"M214.686 463.894C166.261 512.319 87.156 511.726 38.731 463.301C-9.69398 414.876 -10.2866 335.771 38.1384 287.346L287.04 38.4443C335.465 -9.98075 414.57 -9.3881 462.995 39.0369C511.42 87.4619 512.013 166.567 463.588 214.992L214.686 463.894Z\" fill=\"#FE6F20\"\/>\n\t\t\t<\/g>\n\t\t\t<path d=\"M214.404 462.612C166.377 510.639 87.7903 509.946 39.7484 461.905C-8.29344 413.863 -8.98578 335.276 39.0413 287.249L287.943 38.3476C335.97 -9.67956 414.556 -8.98719 462.598 39.0547C510.64 87.0966 511.333 165.683 463.305 213.71L214.404 462.612Z\" stroke=\"#FE6F20\" stroke-width=\"2\"\/>\n\t\t<\/svg>\n\t<\/div>\n\n\t<div class=\"absolute right-[-10rem] bottom-[-7.2rem] md:bottom-[-10.4rem] xl:bottom-[-13.6rem]\">\n\t\t<svg width=\"500\" height=\"500\" viewbox=\"0 0 500 500\" fill=\"none\" xmlns=\"http:\/\/www.w3.org\/2000\/svg\" class=\"size-180 md:size-260 xl:size-340\">\n\t\t\t<mask id=\"mask0_1511_27023\" style=\"mask-type:alpha\" maskunits=\"userSpaceOnUse\" x=\"0\" y=\"0\" width=\"500\" height=\"300\">\n\t\t\t\t<rect width=\"500\" height=\"300\" fill=\"#D9D9D9\"\/>\n\t\t\t<\/mask>\n\t\t\t<g mask=\"url(#mask0_1511_27023)\">\n\t\t\t\t<path d=\"M285.622 36.4146C334.047 -12.0104 413.069 -11.5011 461.494 36.9239C509.919 85.349 510.429 164.371 462.004 212.796L213.102 461.697C164.677 510.122 85.6552 509.613 37.2302 461.188C-11.1948 412.763 -11.7041 333.741 36.7209 285.316L285.622 36.4146Z\" fill=\"#1560DA\"\/>\n\t\t\t<\/g>\n\t\t\t<path d=\"M285.596 37.3883C333.623 -10.6388 412.21 -9.94644 460.252 38.0955C508.293 86.1373 508.986 164.724 460.959 212.751L212.057 461.652C164.03 509.68 85.4436 508.987 37.4017 460.945C-10.6402 412.903 -11.3325 334.317 36.6946 286.29L285.596 37.3883Z\" stroke=\"#1560DA\" stroke-width=\"2\"\/>\n\t\t<\/svg>\n\t<\/div>\n<\/section>\n\n\n\n<section class=\"section-with-heading-and-text section-margin section-margin--small\">\n\t<div class=\"container\">\n\n\t\t\t\t\t\n\t\t\t\n    <h2   class=\"h2  text-blue break-words lg:max-w-[90%] xl:max-w-[98rem]\">\n\n            Transzplant\u00e1ci\u00f3s csomag\n\n    <\/h2>\n\n\t\t\n\t\t\t\t\t\t\t\t<div class=\"mt-24 xl:mt-40 xl:ml-100 space-y-24 lead-paragraph xl:max-w-[78rem]\"><p>A csomag egyed\u00fcl\u00e1ll\u00f3 t\u00e1mogat\u00e1st ny\u00fajt az Int\u00e9zet\u00fcnkn\u00e9l t\u00e1rolt saj\u00e1t k\u00f6ld\u00f6kzsin\u00f3rv\u00e9r minta k\u00fclf\u00f6ld\u00f6n t\u00f6rt\u00e9n\u0151 felhaszn\u00e1l\u00e1sakor a\u00a0k\u00f6ld\u00f6kzsin\u00f3rv\u00e9r eredet\u0171 \u0151ssejtekkel v\u00e9gzett standard ter\u00e1pi\u00e1kban hematol\u00f3giai \u00e9s onkol\u00f3gia indik\u00e1ci\u00f3k eset\u00e9ben.<\/p>\n<\/div>\n\t\t\n        \n\t<\/div>\n<\/section>\n\n\n\n<section class=\"section-with-heading-and-text section-margin section-margin--small\">\n\t<div class=\"container\">\n\n\t\t\t\t\t\n\t\t\t\n    <h2   class=\"h2  text-blue break-words lg:max-w-[90%] xl:max-w-[98rem]\">\n\n            A csomag tartalma:\n\n    <\/h2>\n\n\t\t\n\t\t\t\t\t\t\t\t<div class=\"mt-24 xl:mt-40 xl:ml-100 space-y-24  xl:max-w-[78rem]\"><ul>\n<li>HLA egyez\u00e9s vizsg\u00e1lata<\/li>\n<li>CD34 \u00e9s CD45 meghat\u00e1roz\u00e1s a t\u00e1rolt minta referencia cs\u0151szakaszaib\u00f3l<\/li>\n<li>a magvas sejtek sz\u00e1m\u00e1nak \u00e9s \u00e9letk\u00e9pess\u00e9g\u00e9nek meghat\u00e1roz\u00e1s a t\u00e1rolt minta rererencia cs\u0151szakaszaib\u00f3l a transzplant\u00e1ci\u00f3 el\u0151tt<\/li>\n<li>konzult\u00e1ci\u00f3 a beavatkoz\u00e1st v\u00e9gz\u0151 transzplant\u00e1ci\u00f3s szakemberrel<\/li>\n<li>a minta kisz\u00e1ll\u00edt\u00e1sa a transzplant\u00e1ci\u00f3 hely\u00e9re a vil\u00e1g b\u00e1rmely transzplant\u00e1ci\u00f3s k\u00f6zpontj\u00e1ba<\/li>\n<\/ul>\n<p>A szolg\u00e1ltat\u00e1s mindegyik csomagunkhoz v\u00e1laszthat\u00f3.<\/p>\n<\/div>\n\t\t\n        \n\t<\/div>\n<\/section>\n\n\n  \n  \n  <div class=\"info-boxes section-margin section-margin--small container grid grid-cols-1 md:grid-cols-12 gap-20\">\n                \n      <section aria-labelledby=\"info-box-9940\"\n        class=\"info-boxes--gray bg-gray-light text-blue md:col-span-6 lg:col-span-8 relative w-full flex flex-col justify-center items-center px-20 pt-48 pb-64 md:py-32 text-center rounded-16 rounded-tl-none overflow-hidden\">\n        <span class=\"info-boxes-decorator--top block absolute top-0 left-0 pointer-events-none\">\n          <svg width=\"566\"\n  height=\"386\"\n  viewBox=\"0 0 566 386\"\n  fill=\"none\"\n  xmlns=\"http:\/\/www.w3.org\/2000\/svg\"\n  class=\"cta-decorator\">\n  <rect x=\"-396.5\"\n    y=\"470.586\"\n    width=\"398\"\n    height=\"998\"\n    rx=\"199\"\n    transform=\"rotate(-135 -396.5 470.586)\"\n    stroke=\"currentColor\"\n    stroke-width=\"2\" \/>\n  <path d=\"M166.5 -122C166.5 -231.905 255.595 -321 365.5 -321C475.405 -321 564.5 -231.905 564.5 -122C564.5 -12.0953 475.405 77 365.5 77C255.595 77 166.5 -12.0953 166.5 -122Z\"\n    stroke=\"currentColor\"\n    stroke-width=\"2\" \/>\n<\/svg>\n\n        <\/span>\n        <span class=\"info-boxes-decorator--bottom hidden md:block absolute bottom-0 right-0 pointer-events-none\">\n          <svg width=\"574\"\n  height=\"386\"\n  viewBox=\"0 0 574 386\"\n  fill=\"none\"\n  xmlns=\"http:\/\/www.w3.org\/2000\/svg\"\n  class=\"cta-decorator\">\n  <rect x=\"963.5\"\n    y=\"-84.5858\"\n    width=\"398\"\n    height=\"998\"\n    rx=\"199\"\n    transform=\"rotate(45 963.5 -84.5858)\"\n    stroke=\"currentColor\"\n    stroke-width=\"2\" \/>\n  <path d=\"M399.5 508C399.5 617.905 310.405 707 200.5 707C90.5953 707 1.5 617.905 1.5 508C1.5 398.095 90.5953 309 200.5 309C310.405 309 399.5 398.095 399.5 508Z\"\n    stroke=\"currentColor\"\n    stroke-width=\"2\" \/>\n<\/svg>\n\n        <\/span>\n\n                  <div class=\"relative size-48 overflow-hidden [&#038;_img]:object-contain mb-32\">\n            \n\t\n\t\t\n\t\t\t\n\t<figure class=\"overflow-hidden \">\n\n\t\t\n\t\t\t\t\t\t\t\t\t\n\t\t\t<img decoding=\"async\" src=\"https:\/\/krio.hu\/wp-content\/uploads\/2024\/07\/InfoBlueFilled.svg\" srcset=\"\" sizes=\"\" alt=\"InfoBlueFilled\" class=\"h-full w-full object-cover\" width=\"48\" height=\"48\"  loading=\"lazy\" \/>\n\n\t\t\n\t<\/figure>\n\n\n\t\t\n\t\n          <\/div>\n        \n                  \n          \n    <h3  id=\"info-box-9940\" class=\"h4 relative\">\n\n            Mi\u00e9rt v\u00e1lassza?\n\n    <\/h3>\n\n        \n                  <p class=\"h5 relative font-normal mt-8 max-w-[70.5rem]\">\n            A csomag seg\u00edts\u00e9get ny\u00fajt a k\u00fclf\u00f6ldi transzplant\u00e1ci\u00f3 alkalm\u00e1val felmer\u00fcl\u0151 k\u00f6lts\u00e9gek cs\u00f6kkent\u00e9s\u00e9ben\n          <\/p>\n        \n        \n                  \n                        <\/section>\n                \n      <section aria-labelledby=\"info-box-9941\"\n        class=\"info-boxes--orange bg-orange-gradient text-white md:col-span-6 lg:col-span-4 relative w-full flex flex-col justify-center items-center px-20 pt-48 pb-64 md:py-32 text-center rounded-16 rounded-tl-none overflow-hidden\">\n        <span class=\"info-boxes-decorator--top block absolute top-0 left-0 pointer-events-none\">\n          <svg width=\"566\"\n  height=\"386\"\n  viewBox=\"0 0 566 386\"\n  fill=\"none\"\n  xmlns=\"http:\/\/www.w3.org\/2000\/svg\"\n  class=\"cta-decorator\">\n  <rect x=\"-396.5\"\n    y=\"470.586\"\n    width=\"398\"\n    height=\"998\"\n    rx=\"199\"\n    transform=\"rotate(-135 -396.5 470.586)\"\n    stroke=\"currentColor\"\n    stroke-width=\"2\" \/>\n  <path d=\"M166.5 -122C166.5 -231.905 255.595 -321 365.5 -321C475.405 -321 564.5 -231.905 564.5 -122C564.5 -12.0953 475.405 77 365.5 77C255.595 77 166.5 -12.0953 166.5 -122Z\"\n    stroke=\"currentColor\"\n    stroke-width=\"2\" \/>\n<\/svg>\n\n        <\/span>\n        <span class=\"info-boxes-decorator--bottom hidden md:block absolute bottom-0 right-0 pointer-events-none\">\n          <svg width=\"574\"\n  height=\"386\"\n  viewBox=\"0 0 574 386\"\n  fill=\"none\"\n  xmlns=\"http:\/\/www.w3.org\/2000\/svg\"\n  class=\"cta-decorator\">\n  <rect x=\"963.5\"\n    y=\"-84.5858\"\n    width=\"398\"\n    height=\"998\"\n    rx=\"199\"\n    transform=\"rotate(45 963.5 -84.5858)\"\n    stroke=\"currentColor\"\n    stroke-width=\"2\" \/>\n  <path d=\"M399.5 508C399.5 617.905 310.405 707 200.5 707C90.5953 707 1.5 617.905 1.5 508C1.5 398.095 90.5953 309 200.5 309C310.405 309 399.5 398.095 399.5 508Z\"\n    stroke=\"currentColor\"\n    stroke-width=\"2\" \/>\n<\/svg>\n\n        <\/span>\n\n                  <div class=\"relative size-48 overflow-hidden [&#038;_img]:object-contain mb-32\">\n            \n\t\n\t\t\n\t\t\t\n\t<figure class=\"overflow-hidden \">\n\n\t\t\n\t\t\t\t\t\t\t\t\t\n\t\t\t<img decoding=\"async\" src=\"https:\/\/krio.hu\/wp-content\/uploads\/2024\/07\/Price.svg\" srcset=\"\" sizes=\"\" alt=\"Price\" class=\"h-full w-full object-cover\" width=\"48\" height=\"48\"  loading=\"lazy\" \/>\n\n\t\t\n\t<\/figure>\n\n\n\t\t\n\t\n          <\/div>\n        \n                  \n          \n    <h3  id=\"info-box-9941\" class=\"h4 relative\">\n\n            A szolg\u00e1ltat\u00e1s \u00e1ra\n\n    <\/h3>\n\n        \n                  <p class=\"h5 relative font-normal mt-8 max-w-[70.5rem]\">\n            20.000 Ft\n          <\/p>\n        \n        \n                  \n                        <\/section>\n      <\/div>\n","protected":false},"excerpt":{"rendered":"","protected":false},"author":1,"featured_media":0,"parent":30,"menu_order":0,"comment_status":"closed","ping_status":"closed","template":"","meta":{"_acf_changed":false,"inline_featured_image":false,"editor_plus_copied_stylings":"{}","footnotes":""},"class_list":["post-3450","page","type-page","status-publish","hentry"],"yoast_head":"<!-- This site is optimized with the Yoast SEO plugin v27.3 - https:\/\/yoast.com\/product\/yoast-seo-wordpress\/ -->\n<title>Transzplant\u00e1ci\u00f3s csomag - K\u00f6ss\u00f6n a Krio Int\u00e9zetn\u00e9l \u0151ssejtt\u00e1rol\u00e1si csomagot kedvezm\u00e9nyes \u00e1ron<\/title>\n<meta name=\"robots\" content=\"index, follow, max-snippet:-1, max-image-preview:large, max-video-preview:-1\" \/>\n<link rel=\"canonical\" href=\"https:\/\/krio.hu\/szolgaltatasaink\/kiegeszito-szolgaltatasok\/transzplantacios-csomag\" \/>\n<meta property=\"og:locale\" content=\"hu_HU\" \/>\n<meta property=\"og:type\" content=\"article\" \/>\n<meta property=\"og:title\" content=\"Transzplant\u00e1ci\u00f3s csomag - K\u00f6ss\u00f6n a Krio Int\u00e9zetn\u00e9l \u0151ssejtt\u00e1rol\u00e1si csomagot kedvezm\u00e9nyes \u00e1ron\" \/>\n<meta property=\"og:url\" content=\"https:\/\/krio.hu\/szolgaltatasaink\/kiegeszito-szolgaltatasok\/transzplantacios-csomag\" \/>\n<meta property=\"og:site_name\" content=\"K\u00f6ss\u00f6n a Krio Int\u00e9zetn\u00e9l \u0151ssejtt\u00e1rol\u00e1si csomagot kedvezm\u00e9nyes \u00e1ron\" \/>\n<meta property=\"article:modified_time\" content=\"2024-07-03T10:47:39+00:00\" \/>\n<meta name=\"twitter:card\" content=\"summary_large_image\" \/>\n<script type=\"application\/ld+json\" class=\"yoast-schema-graph\">{\"@context\":\"https:\\\/\\\/schema.org\",\"@graph\":[{\"@type\":\"WebPage\",\"@id\":\"https:\\\/\\\/krio.hu\\\/szolgaltatasaink\\\/kiegeszito-szolgaltatasok\\\/transzplantacios-csomag\",\"url\":\"https:\\\/\\\/krio.hu\\\/szolgaltatasaink\\\/kiegeszito-szolgaltatasok\\\/transzplantacios-csomag\",\"name\":\"Transzplant\u00e1ci\u00f3s csomag - K\u00f6ss\u00f6n a Krio Int\u00e9zetn\u00e9l \u0151ssejtt\u00e1rol\u00e1si csomagot kedvezm\u00e9nyes \u00e1ron\",\"isPartOf\":{\"@id\":\"https:\\\/\\\/krio.hu\\\/#website\"},\"datePublished\":\"2024-07-03T10:09:50+00:00\",\"dateModified\":\"2024-07-03T10:47:39+00:00\",\"breadcrumb\":{\"@id\":\"https:\\\/\\\/krio.hu\\\/szolgaltatasaink\\\/kiegeszito-szolgaltatasok\\\/transzplantacios-csomag#breadcrumb\"},\"inLanguage\":\"hu\",\"potentialAction\":[{\"@type\":\"ReadAction\",\"target\":[\"https:\\\/\\\/krio.hu\\\/szolgaltatasaink\\\/kiegeszito-szolgaltatasok\\\/transzplantacios-csomag\"]}]},{\"@type\":\"BreadcrumbList\",\"@id\":\"https:\\\/\\\/krio.hu\\\/szolgaltatasaink\\\/kiegeszito-szolgaltatasok\\\/transzplantacios-csomag#breadcrumb\",\"itemListElement\":[{\"@type\":\"ListItem\",\"position\":1,\"name\":\"Kezd\u0151lap\",\"item\":\"https:\\\/\\\/krio.hu\\\/\"},{\"@type\":\"ListItem\",\"position\":2,\"name\":\"Szolg\u00e1ltat\u00e1saink\",\"item\":\"https:\\\/\\\/krio.hu\\\/szolgaltatasaink\"},{\"@type\":\"ListItem\",\"position\":3,\"name\":\"Kieg\u00e9sz\u00edt\u0151 \u00e9s egy\u00e9bszolg\u00e1ltat\u00e1sok\",\"item\":\"https:\\\/\\\/krio.hu\\\/szolgaltatasaink\\\/kiegeszito-szolgaltatasok\"},{\"@type\":\"ListItem\",\"position\":4,\"name\":\"Transzplant\u00e1ci\u00f3s csomag\"}]},{\"@type\":\"WebSite\",\"@id\":\"https:\\\/\\\/krio.hu\\\/#website\",\"url\":\"https:\\\/\\\/krio.hu\\\/\",\"name\":\"K\u00f6ss\u00f6n a Krio Int\u00e9zetn\u00e9l \u0151ssejtt\u00e1rol\u00e1si csomagot kedvezm\u00e9nyes \u00e1ron\",\"description\":\"\",\"potentialAction\":[{\"@type\":\"SearchAction\",\"target\":{\"@type\":\"EntryPoint\",\"urlTemplate\":\"https:\\\/\\\/krio.hu\\\/?s={search_term_string}\"},\"query-input\":{\"@type\":\"PropertyValueSpecification\",\"valueRequired\":true,\"valueName\":\"search_term_string\"}}],\"inLanguage\":\"hu\"}]}<\/script>\n<!-- \/ Yoast SEO plugin. -->","yoast_head_json":{"title":"Transzplant\u00e1ci\u00f3s csomag - K\u00f6ss\u00f6n a Krio Int\u00e9zetn\u00e9l \u0151ssejtt\u00e1rol\u00e1si csomagot kedvezm\u00e9nyes \u00e1ron","robots":{"index":"index","follow":"follow","max-snippet":"max-snippet:-1","max-image-preview":"max-image-preview:large","max-video-preview":"max-video-preview:-1"},"canonical":"https:\/\/krio.hu\/szolgaltatasaink\/kiegeszito-szolgaltatasok\/transzplantacios-csomag","og_locale":"hu_HU","og_type":"article","og_title":"Transzplant\u00e1ci\u00f3s csomag - K\u00f6ss\u00f6n a Krio Int\u00e9zetn\u00e9l \u0151ssejtt\u00e1rol\u00e1si csomagot kedvezm\u00e9nyes \u00e1ron","og_url":"https:\/\/krio.hu\/szolgaltatasaink\/kiegeszito-szolgaltatasok\/transzplantacios-csomag","og_site_name":"K\u00f6ss\u00f6n a Krio Int\u00e9zetn\u00e9l \u0151ssejtt\u00e1rol\u00e1si csomagot kedvezm\u00e9nyes \u00e1ron","article_modified_time":"2024-07-03T10:47:39+00:00","twitter_card":"summary_large_image","schema":{"@context":"https:\/\/schema.org","@graph":[{"@type":"WebPage","@id":"https:\/\/krio.hu\/szolgaltatasaink\/kiegeszito-szolgaltatasok\/transzplantacios-csomag","url":"https:\/\/krio.hu\/szolgaltatasaink\/kiegeszito-szolgaltatasok\/transzplantacios-csomag","name":"Transzplant\u00e1ci\u00f3s csomag - K\u00f6ss\u00f6n a Krio Int\u00e9zetn\u00e9l \u0151ssejtt\u00e1rol\u00e1si csomagot kedvezm\u00e9nyes \u00e1ron","isPartOf":{"@id":"https:\/\/krio.hu\/#website"},"datePublished":"2024-07-03T10:09:50+00:00","dateModified":"2024-07-03T10:47:39+00:00","breadcrumb":{"@id":"https:\/\/krio.hu\/szolgaltatasaink\/kiegeszito-szolgaltatasok\/transzplantacios-csomag#breadcrumb"},"inLanguage":"hu","potentialAction":[{"@type":"ReadAction","target":["https:\/\/krio.hu\/szolgaltatasaink\/kiegeszito-szolgaltatasok\/transzplantacios-csomag"]}]},{"@type":"BreadcrumbList","@id":"https:\/\/krio.hu\/szolgaltatasaink\/kiegeszito-szolgaltatasok\/transzplantacios-csomag#breadcrumb","itemListElement":[{"@type":"ListItem","position":1,"name":"Kezd\u0151lap","item":"https:\/\/krio.hu\/"},{"@type":"ListItem","position":2,"name":"Szolg\u00e1ltat\u00e1saink","item":"https:\/\/krio.hu\/szolgaltatasaink"},{"@type":"ListItem","position":3,"name":"Kieg\u00e9sz\u00edt\u0151 \u00e9s egy\u00e9bszolg\u00e1ltat\u00e1sok","item":"https:\/\/krio.hu\/szolgaltatasaink\/kiegeszito-szolgaltatasok"},{"@type":"ListItem","position":4,"name":"Transzplant\u00e1ci\u00f3s csomag"}]},{"@type":"WebSite","@id":"https:\/\/krio.hu\/#website","url":"https:\/\/krio.hu\/","name":"K\u00f6ss\u00f6n a Krio Int\u00e9zetn\u00e9l \u0151ssejtt\u00e1rol\u00e1si csomagot kedvezm\u00e9nyes \u00e1ron","description":"","potentialAction":[{"@type":"SearchAction","target":{"@type":"EntryPoint","urlTemplate":"https:\/\/krio.hu\/?s={search_term_string}"},"query-input":{"@type":"PropertyValueSpecification","valueRequired":true,"valueName":"search_term_string"}}],"inLanguage":"hu"}]}},"acf":[],"gutenberg_blocks":[{"blockName":"custom-styles","attrs":{"styles":""}},{"blockName":"acf\/hero","attrs":{"name":"acf\/hero","data":{"hero_bold_heading":"Transzplant\u00e1ci\u00f3s","_hero_bold_heading":"field_661e8faa02653","hero_normal_heading":"csomag","_hero_normal_heading":"field_661e8fca02654"},"mode":"edit"},"innerBlocks":[],"innerHTML":"","innerContent":[]},{"blockName":"acf\/section-with-heading-and-text","attrs":{"name":"acf\/section-with-heading-and-text","data":{"swh_heading_heading_text":"Transzplant\u00e1ci\u00f3s csomag","_swh_heading_heading_text":"field_638627ccced84","swh_heading_heading_level":"h2","_swh_heading_heading_level":"field_638627e7ced85","swh_heading_heading_variant":"h2","_swh_heading_heading_variant":"field_63862847ced86","swh_heading_extra_classes":"","_swh_heading_extra_classes":"field_638628eeced88","swh_heading":"","_swh_heading":"field_661f7a31d7af2","swh_text_content":"A csomag egyed\u00fcl\u00e1ll\u00f3 t\u00e1mogat\u00e1st ny\u00fajt az Int\u00e9zet\u00fcnkn\u00e9l t\u00e1rolt saj\u00e1t k\u00f6ld\u00f6kzsin\u00f3rv\u00e9r minta k\u00fclf\u00f6ld\u00f6n t\u00f6rt\u00e9n\u0151 felhaszn\u00e1l\u00e1sakor a\u00a0k\u00f6ld\u00f6kzsin\u00f3rv\u00e9r eredet\u0171 \u0151ssejtekkel v\u00e9gzett standard ter\u00e1pi\u00e1kban hematol\u00f3giai \u00e9s onkol\u00f3gia indik\u00e1ci\u00f3k eset\u00e9ben.","_swh_text_content":"field_661f7a4ed7af3","swh_text_font_size":"bigger","_swh_text_font_size":"field_661f7c6138932","swh_text":"","_swh_text":"field_661f7be79ef3c","swh_limited_heading_width":"1","_swh_limited_heading_width":"field_661f7a72d7af6","swh_limited_text_width":"1","_swh_limited_text_width":"field_661fc398f3636","swh_disable_bottom_margin":"0","_swh_disable_bottom_margin":"field_6683eac068913"},"mode":"edit"},"innerBlocks":[],"innerHTML":"","innerContent":[]},{"blockName":"acf\/section-with-heading-and-text","attrs":{"name":"acf\/section-with-heading-and-text","data":{"swh_heading_heading_text":"A csomag tartalma:","_swh_heading_heading_text":"field_638627ccced84","swh_heading_heading_level":"h2","_swh_heading_heading_level":"field_638627e7ced85","swh_heading_heading_variant":"h2","_swh_heading_heading_variant":"field_63862847ced86","swh_heading_extra_classes":"","_swh_heading_extra_classes":"field_638628eeced88","swh_heading":"","_swh_heading":"field_661f7a31d7af2","swh_text_content":"<ul>\r\n \t<li>HLA egyez\u00e9s vizsg\u00e1lata<\/li>\r\n \t<li>CD34 \u00e9s CD45 meghat\u00e1roz\u00e1s a t\u00e1rolt minta referencia cs\u0151szakaszaib\u00f3l<\/li>\r\n \t<li>a magvas sejtek sz\u00e1m\u00e1nak \u00e9s \u00e9letk\u00e9pess\u00e9g\u00e9nek meghat\u00e1roz\u00e1s a t\u00e1rolt minta rererencia cs\u0151szakaszaib\u00f3l a transzplant\u00e1ci\u00f3 el\u0151tt<\/li>\r\n \t<li>konzult\u00e1ci\u00f3 a beavatkoz\u00e1st v\u00e9gz\u0151 transzplant\u00e1ci\u00f3s szakemberrel<\/li>\r\n \t<li>a minta kisz\u00e1ll\u00edt\u00e1sa a transzplant\u00e1ci\u00f3 hely\u00e9re a vil\u00e1g b\u00e1rmely transzplant\u00e1ci\u00f3s k\u00f6zpontj\u00e1ba<\/li>\r\n<\/ul>\r\nA szolg\u00e1ltat\u00e1s mindegyik csomagunkhoz v\u00e1laszthat\u00f3.","_swh_text_content":"field_661f7a4ed7af3","swh_text_font_size":"standard","_swh_text_font_size":"field_661f7c6138932","swh_text":"","_swh_text":"field_661f7be79ef3c","swh_limited_heading_width":"1","_swh_limited_heading_width":"field_661f7a72d7af6","swh_limited_text_width":"1","_swh_limited_text_width":"field_661fc398f3636","swh_disable_bottom_margin":"0","_swh_disable_bottom_margin":"field_6683eac068913"},"mode":"edit"},"innerBlocks":[],"innerHTML":"","innerContent":[]},{"blockName":"acf\/info-boxes","attrs":{"name":"acf\/info-boxes","data":{"ib_boxes_0_icon":3471,"_ib_boxes_0_icon":"field_66601303426ca","ib_boxes_0_heading_heading_text":"Mi\u00e9rt v\u00e1lassza?","_ib_boxes_0_heading_heading_text":"field_638627ccced84","ib_boxes_0_heading_heading_level":"h3","_ib_boxes_0_heading_heading_level":"field_638627e7ced85","ib_boxes_0_heading_heading_variant":"h4","_ib_boxes_0_heading_heading_variant":"field_63862847ced86","ib_boxes_0_heading_extra_classes":"","_ib_boxes_0_heading_extra_classes":"field_638628eeced88","ib_boxes_0_heading":"","_ib_boxes_0_heading":"field_6660131d426cb","ib_boxes_0_description":"A csomag seg\u00edts\u00e9get ny\u00fajt a k\u00fclf\u00f6ldi transzplant\u00e1ci\u00f3 alkalm\u00e1val felmer\u00fcl\u0151 k\u00f6lts\u00e9gek cs\u00f6kkent\u00e9s\u00e9ben","_ib_boxes_0_description":"field_666013ef426cc","ib_boxes_0_button_title":"","_ib_boxes_0_button_title":"field_61d40397c2f0a","ib_boxes_0_button_button_type":"link","_ib_boxes_0_button_button_type":"field_63bbde3b8f0d0","ib_boxes_0_button_link":"","_ib_boxes_0_button_link":"field_61d4039bc2f0b","ib_boxes_0_button_button_style":"primary","_ib_boxes_0_button_button_style":"field_63872d045d0f0","ib_boxes_0_button_target":"_self","_ib_boxes_0_button_target":"field_63872c705d0ef","ib_boxes_0_button_button_extra_classes":"","_ib_boxes_0_button_button_extra_classes":"field_642beab6a97de","ib_boxes_0_button":"","_ib_boxes_0_button":"field_6660486903a24","ib_boxes_0_bg_color":"gray","_ib_boxes_0_bg_color":"field_66601438426cd","ib_boxes_1_icon":3472,"_ib_boxes_1_icon":"field_66601303426ca","ib_boxes_1_heading_heading_text":"A szolg\u00e1ltat\u00e1s \u00e1ra","_ib_boxes_1_heading_heading_text":"field_638627ccced84","ib_boxes_1_heading_heading_level":"h3","_ib_boxes_1_heading_heading_level":"field_638627e7ced85","ib_boxes_1_heading_heading_variant":"h4","_ib_boxes_1_heading_heading_variant":"field_63862847ced86","ib_boxes_1_heading_extra_classes":"","_ib_boxes_1_heading_extra_classes":"field_638628eeced88","ib_boxes_1_heading":"","_ib_boxes_1_heading":"field_6660131d426cb","ib_boxes_1_description":"20.000 Ft","_ib_boxes_1_description":"field_666013ef426cc","ib_boxes_1_button_title":"","_ib_boxes_1_button_title":"field_61d40397c2f0a","ib_boxes_1_button_button_type":"link","_ib_boxes_1_button_button_type":"field_63bbde3b8f0d0","ib_boxes_1_button_link":"","_ib_boxes_1_button_link":"field_61d4039bc2f0b","ib_boxes_1_button_button_style":"primary","_ib_boxes_1_button_button_style":"field_63872d045d0f0","ib_boxes_1_button_target":"_self","_ib_boxes_1_button_target":"field_63872c705d0ef","ib_boxes_1_button_button_extra_classes":"","_ib_boxes_1_button_button_extra_classes":"field_642beab6a97de","ib_boxes_1_button":"","_ib_boxes_1_button":"field_6660486903a24","ib_boxes_1_bg_color":"orange","_ib_boxes_1_bg_color":"field_66601438426cd","ib_boxes":2,"_ib_boxes":"field_666012dd426c9","ib_bottom_margin":"normal","_ib_bottom_margin":"field_66606065b1dbd"},"mode":"edit"},"innerBlocks":[],"innerHTML":"","innerContent":[]}],"meta_data":{"container":""},"_links":{"self":[{"href":"https:\/\/krio.hu\/index.php\/wp-json\/wp\/v2\/pages\/3450","targetHints":{"allow":["GET"]}}],"collection":[{"href":"https:\/\/krio.hu\/index.php\/wp-json\/wp\/v2\/pages"}],"about":[{"href":"https:\/\/krio.hu\/index.php\/wp-json\/wp\/v2\/types\/page"}],"author":[{"embeddable":true,"href":"https:\/\/krio.hu\/index.php\/wp-json\/wp\/v2\/users\/1"}],"replies":[{"embeddable":true,"href":"https:\/\/krio.hu\/index.php\/wp-json\/wp\/v2\/comments?post=3450"}],"version-history":[{"count":2,"href":"https:\/\/krio.hu\/index.php\/wp-json\/wp\/v2\/pages\/3450\/revisions"}],"predecessor-version":[{"id":3480,"href":"https:\/\/krio.hu\/index.php\/wp-json\/wp\/v2\/pages\/3450\/revisions\/3480"}],"up":[{"embeddable":true,"href":"https:\/\/krio.hu\/index.php\/wp-json\/wp\/v2\/pages\/30"}],"wp:attachment":[{"href":"https:\/\/krio.hu\/index.php\/wp-json\/wp\/v2\/media?parent=3450"}],"curies":[{"name":"wp","href":"https:\/\/api.w.org\/{rel}","templated":true}]}}